{"id":520,"date":"2025-01-29T14:37:44","date_gmt":"2025-01-29T14:37:44","guid":{"rendered":"https:\/\/kolorowykarawan.com\/?page_id=520"},"modified":"2025-10-13T14:21:03","modified_gmt":"2025-10-13T14:21:03","slug":"o-mnie","status":"publish","type":"page","link":"https:\/\/kolorowykarawan.com\/en\/o-mnie\/","title":{"rendered":"o mnie"},"content":{"rendered":"<div data-elementor-type=\"wp-page\" data-elementor-id=\"520\" class=\"elementor elementor-520\">\n\t\t\t\t<div class=\"elementor-element elementor-element-12ac132 e-flex e-con-boxed e-con e-parent\" data-id=\"12ac132\" data-element_type=\"container\" data-e-type=\"container\" data-settings=\"{&quot;background_background&quot;:&quot;classic&quot;,&quot;animation&quot;:&quot;none&quot;}\">\n\t\t\t\t\t<div class=\"e-con-inner\">\n\t\t<div class=\"elementor-element elementor-element-c04196a e-con-full e-flex e-con e-child\" data-id=\"c04196a\" data-element_type=\"container\" data-e-type=\"container\">\n\t\t\t\t<div class=\"elementor-element elementor-element-a80ade5 elementor-widget elementor-widget-image\" data-id=\"a80ade5\" data-element_type=\"widget\" data-e-type=\"widget\" data-widget_type=\"image.default\">\n\t\t\t\t<div class=\"elementor-widget-container\">\n\t\t\t\t\t\t\t\t\t\t\t\t\t\t\t\t<a href=\"https:\/\/kolorowykarawan.com\/en\/\">\n\t\t\t\t\t\t\t<img fetchpriority=\"high\" decoding=\"async\" width=\"315\" height=\"209\" src=\"https:\/\/kolorowykarawan.com\/wp-content\/uploads\/2025\/01\/omnie_head.png\" class=\"elementor-animation-wobble-horizontal attachment-large size-large wp-image-556\" alt=\"\" srcset=\"https:\/\/kolorowykarawan.com\/wp-content\/uploads\/2025\/01\/omnie_head.png 315w, https:\/\/kolorowykarawan.com\/wp-content\/uploads\/2025\/01\/omnie_head-300x199.png 300w\" sizes=\"(max-width: 315px) 100vw, 315px\" \/>\t\t\t\t\t\t\t\t<\/a>\n\t\t\t\t\t\t\t\t\t\t\t\t\t\t\t<\/div>\n\t\t\t\t<\/div>\n\t\t\t\t<div class=\"elementor-element elementor-element-aff7c20 elementor-widget elementor-widget-image\" data-id=\"aff7c20\" data-element_type=\"widget\" data-e-type=\"widget\" data-widget_type=\"image.default\">\n\t\t\t\t<div class=\"elementor-widget-container\">\n\t\t\t\t\t\t\t\t\t\t\t\t\t\t\t\t<a href=\"https:\/\/kolorowykarawan.com\/wp-content\/uploads\/2025\/02\/autopotret_omnie_3.png\" data-elementor-open-lightbox=\"yes\" data-e-action-hash=\"#elementor-action%3Aaction%3Dlightbox%26settings%3DeyJpZCI6OTAyLCJ1cmwiOiJodHRwczpcL1wva29sb3Jvd3lrYXJhd2FuLmNvbVwvd3AtY29udGVudFwvdXBsb2Fkc1wvMjAyNVwvMDJcL2F1dG9wb3RyZXRfb21uaWVfMy5wbmcifQ%3D%3D\">\n\t\t\t\t\t\t\t<img decoding=\"async\" width=\"391\" height=\"523\" src=\"https:\/\/kolorowykarawan.com\/wp-content\/uploads\/2025\/02\/autopotret_omnie_3.png\" class=\"elementor-animation-rotate attachment-medium_large size-medium_large wp-image-902\" alt=\"\" srcset=\"https:\/\/kolorowykarawan.com\/wp-content\/uploads\/2025\/02\/autopotret_omnie_3.png 391w, https:\/\/kolorowykarawan.com\/wp-content\/uploads\/2025\/02\/autopotret_omnie_3-224x300.png 224w\" sizes=\"(max-width: 391px) 100vw, 391px\" \/>\t\t\t\t\t\t\t\t<\/a>\n\t\t\t\t\t\t\t\t\t\t\t\t\t\t\t<\/div>\n\t\t\t\t<\/div>\n\t\t\t\t<\/div>\n\t\t<div class=\"elementor-element elementor-element-5c7e7d8 e-con-full e-flex e-con e-child\" data-id=\"5c7e7d8\" data-element_type=\"container\" data-e-type=\"container\">\n\t\t\t\t<div class=\"elementor-element elementor-element-530d2a1 elementor-widget elementor-widget-text-editor\" data-id=\"530d2a1\" data-element_type=\"widget\" data-e-type=\"widget\" data-widget_type=\"text-editor.default\">\n\t\t\t\t<div class=\"elementor-widget-container\">\n\t\t\t\t\t\t\t\t\t<h5>\u00a0<\/h5><h5><em><strong>Kolorowy Karawan<\/strong>\u00a0<span style=\"color: #e6b09a;\"><a style=\"color: #e6b09a;\" href=\"http:\/\/instagram.com\/kolorowy.karawan\" target=\"_blank\" rel=\"noopener\"><strong>@kolorowy.karawan<\/strong><\/a><\/span><\/em><\/h5><h5>I was born in 1997. I graduated the Wojciech Kossak High School of Fine Arts in \u0141omza, the Academy of Fine Arts in Warsaw at the Faculty of Painting and the Pedagogical Study of the Academy of Fine Arts.<\/h5><h5>I also teach art and bookbinding classes for children and adults.<\/h5><h5>\u00a0<\/h5><h5><em><b>Solo exhibitions<\/b><\/em><\/h5><h5><b>\u2733 Rozstaje, <\/b>Galeria Beta 16, Warszawa (2024)<\/h5><h5><b>\u2733 \u015acinki Codzienno\u015bci, <\/b>Nice Letter Studio, Warszawa (2023)<\/h5><h5><b>\u2733 Gra w pami\u0119\u0107, <\/b>Karrot, Warszawa (2023)<\/h5><h5><b>\u2733 Pro\u015bba o wyspy szcz\u0119\u015bliwe, <\/b>Grajewska Izba Historyczna, Grajewo (2023)<\/h5><h5>\u00a0<\/h5><h5><b>Selected group exhibitions and competitions<\/b><\/h5><h5><b>\u2733 Thrive. Beyond Survival,<\/b> Taber Art Gallery, HCC, Holyoke (2024), group exhibition<\/h5><h5><b>\u2733 Og\u00f3lnopolski Konkurs Nowe Sytuacje, Wybrzmienia, <\/b>Warszawa (2024), finalist<\/h5><h5><b>\u2733 2 Triennale Malarstwa Studenckiego, <\/b>Rzesz\u00f3w (2024), Prize of the Director of the Institute of Fine Arts KNH UR<\/h5><h5><b>\u2733 Id\u017amy Dalej, <\/b>Centrum Edukacji Ekologicznej, E\u0142k (2022) group exhibition<\/h5><h5><b>\u2733 12 Triennale Ma\u0142ych Form Malarskich,<\/b> Toru\u0144 (2022), finalist<\/h5><h5><b>\u2733 XVIII Mi\u0119dzynarodowy Konkurs Ma\u0142ej Formy Graficznej <\/b><b>i Ekslibrisu,<\/b> Ostr\u00f3w Wielkopolski (2022), finalist<\/h5>\t\t\t\t\t\t\t\t<\/div>\n\t\t\t\t<\/div>\n\t\t\t\t<\/div>\n\t\t\t\t\t<\/div>\n\t\t\t\t<\/div>\n\t\t<div class=\"elementor-element elementor-element-5887926 e-flex e-con-boxed e-con e-parent\" data-id=\"5887926\" data-element_type=\"container\" data-e-type=\"container\">\n\t\t\t\t\t<div class=\"e-con-inner\">\n\t\t\t\t<div class=\"elementor-element elementor-element-ba668e2 elementor-widget elementor-widget-text-editor\" data-id=\"ba668e2\" data-element_type=\"widget\" data-e-type=\"widget\" data-widget_type=\"text-editor.default\">\n\t\t\t\t<div class=\"elementor-widget-container\">\n\t\t\t\t\t\t\t\t\t<h6 style=\"text-align: center;\">KOLOROWY KARAWAN A.D. 2025<\/h6>\t\t\t\t\t\t\t\t<\/div>\n\t\t\t\t<\/div>\n\t\t\t\t\t<\/div>\n\t\t\t\t<\/div>\n\t\t\t\t<\/div>","protected":false},"excerpt":{"rendered":"<p>\u00a0 Kolorowy Karawan\u00a0@kolorowy.karawan Urodzi\u0142am si\u0119 w 1997 roku. Jestem absolwentk\u0105 Liceum Plastycznego im. Wojciecha Kossaka w \u0141om\u017cy, Akademii Sztuk Pi\u0119knych w Warszawie na wydziale Malarstwa oraz Studium Pedagogicznego ASP. Prowadz\u0119 zaj\u0119cia plastyczne i introligatorskie dla dzieci i doros\u0142ych. \u00a0 Wystawy indywidualne \u2733 Rozstaje, Galeria Beta 16, Warszawa (2024) \u2733 \u015acinki Codzienno\u015bci, Nice Letter Studio, Warszawa [&hellip;]<\/p>","protected":false},"author":1,"featured_media":0,"parent":0,"menu_order":0,"comment_status":"closed","ping_status":"closed","template":"","meta":{"iawp_total_views":97,"footnotes":""},"class_list":["post-520","page","type-page","status-publish","hentry"],"blocksy_meta":[],"_links":{"self":[{"href":"https:\/\/kolorowykarawan.com\/en\/wp-json\/wp\/v2\/pages\/520","targetHints":{"allow":["GET"]}}],"collection":[{"href":"https:\/\/kolorowykarawan.com\/en\/wp-json\/wp\/v2\/pages"}],"about":[{"href":"https:\/\/kolorowykarawan.com\/en\/wp-json\/wp\/v2\/types\/page"}],"author":[{"embeddable":true,"href":"https:\/\/kolorowykarawan.com\/en\/wp-json\/wp\/v2\/users\/1"}],"replies":[{"embeddable":true,"href":"https:\/\/kolorowykarawan.com\/en\/wp-json\/wp\/v2\/comments?post=520"}],"version-history":[{"count":119,"href":"https:\/\/kolorowykarawan.com\/en\/wp-json\/wp\/v2\/pages\/520\/revisions"}],"predecessor-version":[{"id":1509,"href":"https:\/\/kolorowykarawan.com\/en\/wp-json\/wp\/v2\/pages\/520\/revisions\/1509"}],"wp:attachment":[{"href":"https:\/\/kolorowykarawan.com\/en\/wp-json\/wp\/v2\/media?parent=520"}],"curies":[{"name":"wp","href":"https:\/\/api.w.org\/{rel}","templated":true}]}}