{"id":24,"date":"2025-01-10T16:56:04","date_gmt":"2025-01-10T16:56:04","guid":{"rendered":"https:\/\/kolorowykarawan.com\/?page_id=24"},"modified":"2025-10-13T14:23:01","modified_gmt":"2025-10-13T14:23:01","slug":"kontakt","status":"publish","type":"page","link":"https:\/\/kolorowykarawan.com\/en\/kontakt\/","title":{"rendered":"kontakt"},"content":{"rendered":"<div data-elementor-type=\"wp-page\" data-elementor-id=\"24\" class=\"elementor elementor-24\">\n\t\t\t\t<div class=\"elementor-element elementor-element-0d3e570 animated-fast e-flex e-con-boxed e-con e-parent\" data-id=\"0d3e570\" data-element_type=\"container\" data-e-type=\"container\" data-settings=\"{&quot;background_background&quot;:&quot;classic&quot;,&quot;animation&quot;:&quot;none&quot;}\">\n\t\t\t\t\t<div class=\"e-con-inner\">\n\t\t<div class=\"elementor-element elementor-element-11d1f0b e-con-full e-flex e-con e-child\" data-id=\"11d1f0b\" data-element_type=\"container\" data-e-type=\"container\">\n\t\t<div class=\"elementor-element elementor-element-56833cf e-con-full e-flex e-con e-child\" data-id=\"56833cf\" data-element_type=\"container\" data-e-type=\"container\">\n\t\t\t\t<div class=\"elementor-element elementor-element-41de966 elementor-widget elementor-widget-image\" data-id=\"41de966\" data-element_type=\"widget\" data-e-type=\"widget\" data-settings=\"{&quot;_animation&quot;:&quot;none&quot;}\" data-widget_type=\"image.default\">\n\t\t\t\t<div class=\"elementor-widget-container\">\n\t\t\t\t\t\t\t\t\t\t\t\t\t\t\t\t<a href=\"https:\/\/kolorowykarawan.com\/en\/\">\n\t\t\t\t\t\t\t<img fetchpriority=\"high\" decoding=\"async\" width=\"312\" height=\"207\" src=\"https:\/\/kolorowykarawan.com\/wp-content\/uploads\/2025\/01\/kontakt_head.png\" class=\"elementor-animation-wobble-horizontal attachment-large size-large wp-image-187\" alt=\"\" srcset=\"https:\/\/kolorowykarawan.com\/wp-content\/uploads\/2025\/01\/kontakt_head.png 312w, https:\/\/kolorowykarawan.com\/wp-content\/uploads\/2025\/01\/kontakt_head-300x199.png 300w\" sizes=\"(max-width: 312px) 100vw, 312px\" \/>\t\t\t\t\t\t\t\t<\/a>\n\t\t\t\t\t\t\t\t\t\t\t\t\t\t\t<\/div>\n\t\t\t\t<\/div>\n\t\t\t\t<div class=\"elementor-element elementor-element-88adbda elementor-widget elementor-widget-text-editor\" data-id=\"88adbda\" data-element_type=\"widget\" data-e-type=\"widget\" data-widget_type=\"text-editor.default\">\n\t\t\t\t<div class=\"elementor-widget-container\">\n\t\t\t\t\t\t\t\t\t<p class=\"translation-block\">Please address love letters to:<\/p><p><span style=\"font-family: var( --e-global-typography-secondary-font-family ), Sans-serif; font-size: var( --e-global-typography-secondary-font-size ); font-style: var(--theme-font-style, inherit); font-variant-ligatures: inherit; font-variant-caps: inherit; font-weight: var( --e-global-typography-secondary-font-weight ); letter-spacing: var(--theme-letter-spacing); text-transform: var(--theme-text-transform);\">\u00a0<\/span><\/p><p>kolorowy.karawan<br \/>@gmail.com<\/p><h3>\u00a0<\/h3><p>Would you rather get a letter?<\/p><p>\u00a0<\/p>\t\t\t\t\t\t\t\t<\/div>\n\t\t\t\t<\/div>\n\t\t\t\t<div class=\"elementor-element elementor-element-77a6407 elementor-align-center elementor-widget elementor-widget-button\" data-id=\"77a6407\" data-element_type=\"widget\" data-e-type=\"widget\" data-widget_type=\"button.default\">\n\t\t\t\t<div class=\"elementor-widget-container\">\n\t\t\t\t\t\t\t\t\t<div class=\"elementor-button-wrapper\">\n\t\t\t\t\t<a class=\"elementor-button elementor-button-link elementor-size-sm\" href=\"https:\/\/kolorowykarawan.com\/en\/newsleter-form\/\">\n\t\t\t\t\t\t<span class=\"elementor-button-content-wrapper\">\n\t\t\t\t\t\t\t\t\t<span class=\"elementor-button-text\">CLICK HERE :3<\/span>\n\t\t\t\t\t<\/span>\n\t\t\t\t\t<\/a>\n\t\t\t\t<\/div>\n\t\t\t\t\t\t\t\t<\/div>\n\t\t\t\t<\/div>\n\t\t\t\t<\/div>\n\t\t\t\t<\/div>\n\t\t\t\t\t<\/div>\n\t\t\t\t<\/div>\n\t\t<div class=\"elementor-element elementor-element-f608e29 e-flex e-con-boxed e-con e-parent\" data-id=\"f608e29\" data-element_type=\"container\" data-e-type=\"container\">\n\t\t\t\t\t<div class=\"e-con-inner\">\n\t\t\t\t<div class=\"elementor-element elementor-element-0cfb754 elementor-widget elementor-widget-text-editor\" data-id=\"0cfb754\" data-element_type=\"widget\" data-e-type=\"widget\" data-widget_type=\"text-editor.default\">\n\t\t\t\t<div class=\"elementor-widget-container\">\n\t\t\t\t\t\t\t\t\t<h6 style=\"text-align: center;\">KOLOROWY KARAWAN A.D. 2025<\/h6>\t\t\t\t\t\t\t\t<\/div>\n\t\t\t\t<\/div>\n\t\t\t\t\t<\/div>\n\t\t\t\t<\/div>\n\t\t\t\t<\/div>","protected":false},"excerpt":{"rendered":"<p>Listy mi\u0142osne prosz\u0119 kierowa\u0107 pod adres: \u00a0 kolorowy.karawan@gmail.com \u00a0 Wolisz dosta\u0107 list? \u00a0 KLIKNIJ TU :3 KOLOROWY KARAWAN A.D. 2025<\/p>","protected":false},"author":1,"featured_media":0,"parent":0,"menu_order":0,"comment_status":"closed","ping_status":"closed","template":"","meta":{"iawp_total_views":54,"footnotes":""},"class_list":["post-24","page","type-page","status-publish","hentry"],"blocksy_meta":[],"_links":{"self":[{"href":"https:\/\/kolorowykarawan.com\/en\/wp-json\/wp\/v2\/pages\/24","targetHints":{"allow":["GET"]}}],"collection":[{"href":"https:\/\/kolorowykarawan.com\/en\/wp-json\/wp\/v2\/pages"}],"about":[{"href":"https:\/\/kolorowykarawan.com\/en\/wp-json\/wp\/v2\/types\/page"}],"author":[{"embeddable":true,"href":"https:\/\/kolorowykarawan.com\/en\/wp-json\/wp\/v2\/users\/1"}],"replies":[{"embeddable":true,"href":"https:\/\/kolorowykarawan.com\/en\/wp-json\/wp\/v2\/comments?post=24"}],"version-history":[{"count":145,"href":"https:\/\/kolorowykarawan.com\/en\/wp-json\/wp\/v2\/pages\/24\/revisions"}],"predecessor-version":[{"id":1515,"href":"https:\/\/kolorowykarawan.com\/en\/wp-json\/wp\/v2\/pages\/24\/revisions\/1515"}],"wp:attachment":[{"href":"https:\/\/kolorowykarawan.com\/en\/wp-json\/wp\/v2\/media?parent=24"}],"curies":[{"name":"wp","href":"https:\/\/api.w.org\/{rel}","templated":true}]}}