{"id":1144,"date":"2025-09-11T11:58:37","date_gmt":"2025-09-11T11:58:37","guid":{"rendered":"https:\/\/kolorowykarawan.com\/?page_id=1144"},"modified":"2025-09-14T17:42:56","modified_gmt":"2025-09-14T17:42:56","slug":"biblioteczka","status":"publish","type":"page","link":"https:\/\/kolorowykarawan.com\/en\/biblioteczka\/","title":{"rendered":"Biblioteczka"},"content":{"rendered":"<div data-elementor-type=\"wp-page\" data-elementor-id=\"1144\" class=\"elementor elementor-1144\">\n\t\t\t\t<div class=\"elementor-element elementor-element-998cd32 e-flex e-con-boxed e-con e-parent\" data-id=\"998cd32\" data-element_type=\"container\" data-e-type=\"container\" data-settings=\"{&quot;background_background&quot;:&quot;classic&quot;}\">\n\t\t\t\t\t<div class=\"e-con-inner\">\n\t\t<div class=\"elementor-element elementor-element-55f3e40 e-con-full e-flex e-con e-child\" data-id=\"55f3e40\" data-element_type=\"container\" data-e-type=\"container\">\n\t\t<div class=\"elementor-element elementor-element-2045537 e-con-full e-flex e-con e-child\" data-id=\"2045537\" data-element_type=\"container\" data-e-type=\"container\">\n\t\t\t\t<div class=\"elementor-element elementor-element-85c321b elementor-widget elementor-widget-heading\" data-id=\"85c321b\" data-element_type=\"widget\" data-e-type=\"widget\" data-widget_type=\"heading.default\">\n\t\t\t\t<div class=\"elementor-widget-container\">\n\t\t\t\t\t<h6 class=\"elementor-heading-title elementor-size-default\"><a href=\"https:\/\/kolorowykarawan.com\/en\/\">&lt; &lt; &lt; &lt; take me back<\/a><\/h6>\t\t\t\t<\/div>\n\t\t\t\t<\/div>\n\t\t\t\t<\/div>\n\t\t\t\t<\/div>\n\t\t<div class=\"elementor-element elementor-element-1041b79 e-con-full e-flex e-con e-child\" data-id=\"1041b79\" data-element_type=\"container\" data-e-type=\"container\">\n\t\t<div class=\"elementor-element elementor-element-e7cb047 e-con-full e-flex e-con e-child\" data-id=\"e7cb047\" data-element_type=\"container\" data-e-type=\"container\">\n\t\t\t\t<div class=\"elementor-element elementor-element-e2f482c elementor-widget elementor-widget-image\" data-id=\"e2f482c\" data-element_type=\"widget\" data-e-type=\"widget\" data-widget_type=\"image.default\">\n\t\t\t\t<div class=\"elementor-widget-container\">\n\t\t\t\t\t\t\t\t\t\t\t\t\t\t\t<img fetchpriority=\"high\" decoding=\"async\" width=\"648\" height=\"455\" src=\"https:\/\/kolorowykarawan.com\/wp-content\/uploads\/2025\/09\/mysz-2.png\" class=\"elementor-animation-wobble-to-bottom-right attachment-large size-large wp-image-1261\" alt=\"\" srcset=\"https:\/\/kolorowykarawan.com\/wp-content\/uploads\/2025\/09\/mysz-2.png 648w, https:\/\/kolorowykarawan.com\/wp-content\/uploads\/2025\/09\/mysz-2-300x211.png 300w, https:\/\/kolorowykarawan.com\/wp-content\/uploads\/2025\/09\/mysz-2-18x12.png 18w\" sizes=\"(max-width: 648px) 100vw, 648px\" \/>\t\t\t\t\t\t\t\t\t\t\t\t\t\t\t<\/div>\n\t\t\t\t<\/div>\n\t\t\t\t<div class=\"elementor-element elementor-element-0a2bb61 elementor-widget elementor-widget-heading\" data-id=\"0a2bb61\" data-element_type=\"widget\" data-e-type=\"widget\" data-widget_type=\"heading.default\">\n\t\t\t\t<div class=\"elementor-widget-container\">\n\t\t\t\t\t<h1 class=\"elementor-heading-title elementor-size-default\">Book\nshelf<\/h1>\t\t\t\t<\/div>\n\t\t\t\t<\/div>\n\t\t\t\t<div class=\"elementor-element elementor-element-e648590 elementor-widget elementor-widget-text-editor\" data-id=\"e648590\" data-element_type=\"widget\" data-e-type=\"widget\" data-widget_type=\"text-editor.default\">\n\t\t\t\t<div class=\"elementor-widget-container\">\n\t\t\t\t\t\t\t\t\t<p>Things I like, love, admire.\u00a0<\/p>\t\t\t\t\t\t\t\t<\/div>\n\t\t\t\t<\/div>\n\t\t<div class=\"elementor-element elementor-element-249f22c e-con-full e-flex e-con e-child\" data-id=\"249f22c\" data-element_type=\"container\" data-e-type=\"container\">\n\t\t\t\t<\/div>\n\t\t\t\t<\/div>\n\t\t<div class=\"elementor-element elementor-element-6cabb82 e-con-full e-flex e-con e-child\" data-id=\"6cabb82\" data-element_type=\"container\" data-e-type=\"container\">\n\t\t<div class=\"elementor-element elementor-element-d2a42ab e-con-full e-flex e-con e-child\" data-id=\"d2a42ab\" data-element_type=\"container\" data-e-type=\"container\">\n\t\t\t\t<div class=\"elementor-element elementor-element-4c88ffe elementor-widget__width-initial elementor-widget elementor-widget-image\" data-id=\"4c88ffe\" data-element_type=\"widget\" data-e-type=\"widget\" data-widget_type=\"image.default\">\n\t\t\t\t<div class=\"elementor-widget-container\">\n\t\t\t\t\t\t\t\t\t\t\t\t\t\t\t\t<a href=\"https:\/\/www.imdb.com\/title\/tt0460791\/\" target=\"_blank\">\n\t\t\t\t\t\t\t<img decoding=\"async\" width=\"683\" height=\"1024\" src=\"https:\/\/kolorowykarawan.com\/wp-content\/uploads\/2025\/09\/The-Fall-Poster-s-683x1024.jpg\" class=\"attachment-large size-large wp-image-1152\" alt=\"plakat filmu the fall\" srcset=\"https:\/\/kolorowykarawan.com\/wp-content\/uploads\/2025\/09\/The-Fall-Poster-s-683x1024.jpg 683w, https:\/\/kolorowykarawan.com\/wp-content\/uploads\/2025\/09\/The-Fall-Poster-s-200x300.jpg 200w, https:\/\/kolorowykarawan.com\/wp-content\/uploads\/2025\/09\/The-Fall-Poster-s-768x1152.jpg 768w, https:\/\/kolorowykarawan.com\/wp-content\/uploads\/2025\/09\/The-Fall-Poster-s-1024x1536.jpg 1024w, https:\/\/kolorowykarawan.com\/wp-content\/uploads\/2025\/09\/The-Fall-Poster-s-1366x2048.jpg 1366w, https:\/\/kolorowykarawan.com\/wp-content\/uploads\/2025\/09\/The-Fall-Poster-s-8x12.jpg 8w, https:\/\/kolorowykarawan.com\/wp-content\/uploads\/2025\/09\/The-Fall-Poster-s.jpg 1707w\" sizes=\"(max-width: 683px) 100vw, 683px\" \/>\t\t\t\t\t\t\t\t<\/a>\n\t\t\t\t\t\t\t\t\t\t\t\t\t\t\t<\/div>\n\t\t\t\t<\/div>\n\t\t\t\t<div class=\"elementor-element elementor-element-bbda637 elementor-widget elementor-widget-text-editor\" data-id=\"bbda637\" data-element_type=\"widget\" data-e-type=\"widget\" data-widget_type=\"text-editor.default\">\n\t\t\t\t<div class=\"elementor-widget-container\">\n\t\t\t\t\t\t\t\t\t<p>My new favorite movie.<\/p>\t\t\t\t\t\t\t\t<\/div>\n\t\t\t\t<\/div>\n\t\t\t\t<\/div>\n\t\t<div class=\"elementor-element elementor-element-42deb81 e-con-full e-flex e-con e-child\" data-id=\"42deb81\" data-element_type=\"container\" data-e-type=\"container\">\n\t\t<div class=\"elementor-element elementor-element-294aa60 e-con-full e-flex e-con e-child\" data-id=\"294aa60\" data-element_type=\"container\" data-e-type=\"container\">\n\t\t\t\t<div class=\"elementor-element elementor-element-b4d6ac9 elementor-widget elementor-widget-video\" data-id=\"b4d6ac9\" data-element_type=\"widget\" data-e-type=\"widget\" data-settings=\"{&quot;youtube_url&quot;:&quot;https:\\\/\\\/www.youtube.com\\\/watch?v=hG72N2leG7s&quot;,&quot;yt_privacy&quot;:&quot;yes&quot;,&quot;video_type&quot;:&quot;youtube&quot;,&quot;controls&quot;:&quot;yes&quot;}\" data-widget_type=\"video.default\">\n\t\t\t\t<div class=\"elementor-widget-container\">\n\t\t\t\t\t\t\t<div class=\"elementor-wrapper elementor-open-inline\">\n\t\t\t<div class=\"elementor-video\"><\/div>\t\t<\/div>\n\t\t\t\t\t\t<\/div>\n\t\t\t\t<\/div>\n\t\t\t\t<\/div>\n\t\t<div class=\"elementor-element elementor-element-67b37d0 e-con-full e-flex e-con e-child\" data-id=\"67b37d0\" data-element_type=\"container\" data-e-type=\"container\">\n\t\t\t\t<div class=\"elementor-element elementor-element-1aad965 elementor-widget elementor-widget-image\" data-id=\"1aad965\" data-element_type=\"widget\" data-e-type=\"widget\" data-widget_type=\"image.default\">\n\t\t\t\t<div class=\"elementor-widget-container\">\n\t\t\t\t\t\t\t\t\t\t\t\t\t\t\t\t<a href=\"https:\/\/www.imdb.com\/title\/tt27503384\/\" target=\"_blank\">\n\t\t\t\t\t\t\t<img decoding=\"async\" width=\"674\" height=\"1024\" src=\"https:\/\/kolorowykarawan.com\/wp-content\/uploads\/2025\/09\/PERFECTDAYS_KeyArt_PGRating-3939660053-674x1024.jpg\" class=\"attachment-large size-large wp-image-1377\" alt=\"plakat perfect days\" srcset=\"https:\/\/kolorowykarawan.com\/wp-content\/uploads\/2025\/09\/PERFECTDAYS_KeyArt_PGRating-3939660053-674x1024.jpg 674w, https:\/\/kolorowykarawan.com\/wp-content\/uploads\/2025\/09\/PERFECTDAYS_KeyArt_PGRating-3939660053-197x300.jpg 197w, https:\/\/kolorowykarawan.com\/wp-content\/uploads\/2025\/09\/PERFECTDAYS_KeyArt_PGRating-3939660053-768x1167.jpg 768w, https:\/\/kolorowykarawan.com\/wp-content\/uploads\/2025\/09\/PERFECTDAYS_KeyArt_PGRating-3939660053-8x12.jpg 8w, https:\/\/kolorowykarawan.com\/wp-content\/uploads\/2025\/09\/PERFECTDAYS_KeyArt_PGRating-3939660053.jpg 1000w\" sizes=\"(max-width: 674px) 100vw, 674px\" \/>\t\t\t\t\t\t\t\t<\/a>\n\t\t\t\t\t\t\t\t\t\t\t\t\t\t\t<\/div>\n\t\t\t\t<\/div>\n\t\t\t\t<\/div>\n\t\t\t\t<\/div>\n\t\t<div class=\"elementor-element elementor-element-27ebc79 e-con-full e-flex e-con e-child\" data-id=\"27ebc79\" data-element_type=\"container\" data-e-type=\"container\">\n\t\t<div class=\"elementor-element elementor-element-a844e9d e-con-full e-flex e-con e-child\" data-id=\"a844e9d\" data-element_type=\"container\" data-e-type=\"container\">\n\t\t<div class=\"elementor-element elementor-element-7cfd70f e-con-full e-flex e-con e-child\" data-id=\"7cfd70f\" data-element_type=\"container\" data-e-type=\"container\">\n\t\t\t\t<div class=\"elementor-element elementor-element-9687f6b elementor-widget elementor-widget-image\" data-id=\"9687f6b\" data-element_type=\"widget\" data-e-type=\"widget\" data-widget_type=\"image.default\">\n\t\t\t\t<div class=\"elementor-widget-container\">\n\t\t\t\t\t\t\t\t\t\t\t\t\t\t\t\t<a href=\"https:\/\/blamensir.neocities.org\/\" target=\"_blank\">\n\t\t\t\t\t\t\t<img loading=\"lazy\" decoding=\"async\" width=\"88\" height=\"31\" src=\"https:\/\/kolorowykarawan.com\/wp-content\/uploads\/2025\/09\/blamensir.png\" class=\"attachment-large size-large wp-image-1199\" alt=\"\" srcset=\"https:\/\/kolorowykarawan.com\/wp-content\/uploads\/2025\/09\/blamensir.png 88w, https:\/\/kolorowykarawan.com\/wp-content\/uploads\/2025\/09\/blamensir-18x6.png 18w\" sizes=\"(max-width: 88px) 100vw, 88px\" \/>\t\t\t\t\t\t\t\t<\/a>\n\t\t\t\t\t\t\t\t\t\t\t\t\t\t\t<\/div>\n\t\t\t\t<\/div>\n\t\t\t\t<\/div>\n\t\t<div class=\"elementor-element elementor-element-7d52e41 e-con-full e-flex e-con e-child\" data-id=\"7d52e41\" data-element_type=\"container\" data-e-type=\"container\">\n\t\t\t\t<div class=\"elementor-element elementor-element-5981422 elementor-widget elementor-widget-html\" data-id=\"5981422\" data-element_type=\"widget\" data-e-type=\"widget\" data-widget_type=\"html.default\">\n\t\t\t\t<div class=\"elementor-widget-container\">\n\t\t\t\t\t<a target=\"_blank\" href=\"https:\/\/melonking.net\"><img decoding=\"async\" alt=\"Visit Melonking.Net!\" src=\"https:\/\/melonking.net\/images\/badges\/MELON-BADGE-2.GIF\" style=\"image-rendering: pixelated\"><\/a>\t\t\t\t<\/div>\n\t\t\t\t<\/div>\n\t\t\t\t<\/div>\n\t\t<div class=\"elementor-element elementor-element-7851843 e-con-full e-flex e-con e-child\" data-id=\"7851843\" data-element_type=\"container\" data-e-type=\"container\">\n\t\t\t\t<\/div>\n\t\t\t\t<\/div>\n\t\t<div class=\"elementor-element elementor-element-3839d53 e-con-full e-flex e-con e-child\" data-id=\"3839d53\" data-element_type=\"container\" data-e-type=\"container\">\n\t\t<div class=\"elementor-element elementor-element-e5e38ca e-con-full e-flex e-con e-child\" data-id=\"e5e38ca\" data-element_type=\"container\" data-e-type=\"container\">\n\t\t\t\t<div class=\"elementor-element elementor-element-d61a4ca elementor-widget elementor-widget-html\" data-id=\"d61a4ca\" data-element_type=\"widget\" data-e-type=\"widget\" data-widget_type=\"html.default\">\n\t\t\t\t<div class=\"elementor-widget-container\">\n\t\t\t\t\t<iframe width=\"560\" height=\"315\" src=\"https:\/\/www.youtube.com\/embed\/videoseries?si=ZUkA5RAQgfB9kPF5&amp;list=PLI6kLIhBBwmRkH-vUXwHhDFkortLSwLsi\" title=\"YouTube video player\" frameborder=\"0\" allow=\"accelerometer; autoplay; clipboard-write; encrypted-media; gyroscope; picture-in-picture; web-share\" referrerpolicy=\"strict-origin-when-cross-origin\" allowfullscreen><\/iframe>\t\t\t\t<\/div>\n\t\t\t\t<\/div>\n\t\t\t\t<\/div>\n\t\t\t\t<\/div>\n\t\t\t\t<\/div>\n\t\t<div class=\"elementor-element elementor-element-7c541a2 e-con-full e-flex e-con e-child\" data-id=\"7c541a2\" data-element_type=\"container\" data-e-type=\"container\">\n\t\t<div class=\"elementor-element elementor-element-71369ed e-con-full e-flex e-con e-child\" data-id=\"71369ed\" data-element_type=\"container\" data-e-type=\"container\">\n\t\t\t\t<div class=\"elementor-element elementor-element-f3d5016 elementor-widget elementor-widget-image\" data-id=\"f3d5016\" data-element_type=\"widget\" data-e-type=\"widget\" data-widget_type=\"image.default\">\n\t\t\t\t<div class=\"elementor-widget-container\">\n\t\t\t\t\t\t\t\t\t\t\t\t\t\t\t\t<a href=\"https:\/\/www.taschen.com\/en\/books\/art\/06703\/the-book-of-symbols-reflections-on-archetypal-images\/\" target=\"_blank\">\n\t\t\t\t\t\t\t<img loading=\"lazy\" decoding=\"async\" width=\"411\" height=\"523\" src=\"https:\/\/kolorowykarawan.com\/wp-content\/uploads\/2025\/09\/m_65271b77046d7478bec118b8s.jpg\" class=\"attachment-large size-large wp-image-1356\" alt=\"\" srcset=\"https:\/\/kolorowykarawan.com\/wp-content\/uploads\/2025\/09\/m_65271b77046d7478bec118b8s.jpg 411w, https:\/\/kolorowykarawan.com\/wp-content\/uploads\/2025\/09\/m_65271b77046d7478bec118b8s-236x300.jpg 236w, https:\/\/kolorowykarawan.com\/wp-content\/uploads\/2025\/09\/m_65271b77046d7478bec118b8s-9x12.jpg 9w\" sizes=\"(max-width: 411px) 100vw, 411px\" \/>\t\t\t\t\t\t\t\t<\/a>\n\t\t\t\t\t\t\t\t\t\t\t\t\t\t\t<\/div>\n\t\t\t\t<\/div>\n\t\t<div class=\"elementor-element elementor-element-7b98a1a e-con-full e-flex e-con e-child\" data-id=\"7b98a1a\" data-element_type=\"container\" data-e-type=\"container\">\n\t\t\t\t<div class=\"elementor-element elementor-element-f9b2788 elementor-widget elementor-widget-image\" data-id=\"f9b2788\" data-element_type=\"widget\" data-e-type=\"widget\" data-widget_type=\"image.default\">\n\t\t\t\t<div class=\"elementor-widget-container\">\n\t\t\t\t\t\t\t\t\t\t\t\t\t\t\t\t<a href=\"https:\/\/www.imdb.com\/title\/tt0401383\/\" target=\"_blank\">\n\t\t\t\t\t\t\t<img loading=\"lazy\" decoding=\"async\" width=\"217\" height=\"312\" src=\"https:\/\/kolorowykarawan.com\/wp-content\/uploads\/2025\/09\/motyl_i_skafander.jpg\" class=\"attachment-large size-large wp-image-1163\" alt=\"\" srcset=\"https:\/\/kolorowykarawan.com\/wp-content\/uploads\/2025\/09\/motyl_i_skafander.jpg 217w, https:\/\/kolorowykarawan.com\/wp-content\/uploads\/2025\/09\/motyl_i_skafander-209x300.jpg 209w, https:\/\/kolorowykarawan.com\/wp-content\/uploads\/2025\/09\/motyl_i_skafander-8x12.jpg 8w\" sizes=\"(max-width: 217px) 100vw, 217px\" \/>\t\t\t\t\t\t\t\t<\/a>\n\t\t\t\t\t\t\t\t\t\t\t\t\t\t\t<\/div>\n\t\t\t\t<\/div>\n\t\t\t\t<\/div>\n\t\t\t\t<\/div>\n\t\t<div class=\"elementor-element elementor-element-c7e3e6b e-con-full e-flex e-con e-child\" data-id=\"c7e3e6b\" data-element_type=\"container\" data-e-type=\"container\">\n\t\t\t\t<div class=\"elementor-element elementor-element-0bd7c36 elementor-widget elementor-widget-image\" data-id=\"0bd7c36\" data-element_type=\"widget\" data-e-type=\"widget\" data-widget_type=\"image.default\">\n\t\t\t\t<div class=\"elementor-widget-container\">\n\t\t\t\t\t\t\t\t\t\t\t\t\t\t\t\t<a href=\"https:\/\/myanimelist.net\/manga\/85781\/Dungeon_Meshi\" target=\"_blank\">\n\t\t\t\t\t\t\t<img loading=\"lazy\" decoding=\"async\" width=\"225\" height=\"320\" src=\"https:\/\/kolorowykarawan.com\/wp-content\/uploads\/2025\/09\/148949.jpg\" class=\"attachment-large size-large wp-image-1324\" alt=\"dungeon meshi cover\" srcset=\"https:\/\/kolorowykarawan.com\/wp-content\/uploads\/2025\/09\/148949.jpg 225w, https:\/\/kolorowykarawan.com\/wp-content\/uploads\/2025\/09\/148949-211x300.jpg 211w, https:\/\/kolorowykarawan.com\/wp-content\/uploads\/2025\/09\/148949-8x12.jpg 8w\" sizes=\"(max-width: 225px) 100vw, 225px\" \/>\t\t\t\t\t\t\t\t<\/a>\n\t\t\t\t\t\t\t\t\t\t\t\t\t\t\t<\/div>\n\t\t\t\t<\/div>\n\t\t\t\t<\/div>\n\t\t<div class=\"elementor-element elementor-element-36657e1 e-con-full e-flex e-con e-child\" data-id=\"36657e1\" data-element_type=\"container\" data-e-type=\"container\">\n\t\t\t\t<div class=\"elementor-element elementor-element-3f08b8d elementor-widget elementor-widget-video\" data-id=\"3f08b8d\" data-element_type=\"widget\" data-e-type=\"widget\" data-settings=\"{&quot;youtube_url&quot;:&quot;https:\\\/\\\/www.youtube.com\\\/watch?v=DJWdWUZNbow&quot;,&quot;yt_privacy&quot;:&quot;yes&quot;,&quot;video_type&quot;:&quot;youtube&quot;,&quot;controls&quot;:&quot;yes&quot;}\" data-widget_type=\"video.default\">\n\t\t\t\t<div class=\"elementor-widget-container\">\n\t\t\t\t\t\t\t<div class=\"elementor-wrapper elementor-open-inline\">\n\t\t\t<div class=\"elementor-video\"><\/div>\t\t<\/div>\n\t\t\t\t\t\t<\/div>\n\t\t\t\t<\/div>\n\t\t\t\t<div class=\"elementor-element elementor-element-960df22 elementor-widget elementor-widget-text-editor\" data-id=\"960df22\" data-element_type=\"widget\" data-e-type=\"widget\" data-widget_type=\"text-editor.default\">\n\t\t\t\t<div class=\"elementor-widget-container\">\n\t\t\t\t\t\t\t\t\t<h5>^ sorry Nigella, but 30g of sugar is what I do.<\/h5>\t\t\t\t\t\t\t\t<\/div>\n\t\t\t\t<\/div>\n\t\t\t\t<\/div>\n\t\t\t\t<\/div>\n\t\t<div class=\"elementor-element elementor-element-6612fc8 e-con-full e-flex e-con e-child\" data-id=\"6612fc8\" data-element_type=\"container\" data-e-type=\"container\">\n\t\t\t\t<\/div>\n\t\t\t\t<\/div>\n\t\t\t\t<\/div>\n\t\t<div class=\"elementor-element elementor-element-af53e2d e-con-full e-flex e-con e-child\" data-id=\"af53e2d\" data-element_type=\"container\" data-e-type=\"container\">\n\t\t\t\t<\/div>\n\t\t\t\t\t<\/div>\n\t\t\t\t<\/div>\n\t\t<div class=\"elementor-element elementor-element-a174d14 e-flex e-con-boxed e-con e-parent\" data-id=\"a174d14\" data-element_type=\"container\" data-e-type=\"container\">\n\t\t\t\t\t<div class=\"e-con-inner\">\n\t\t\t\t\t<\/div>\n\t\t\t\t<\/div>\n\t\t\t\t<\/div>","protected":false},"excerpt":{"rendered":"<p>&lt; &lt; &lt; &lt; chc\u0119 wr\u00f3ci\u0107 Biblio- teczka Lubi\u0119, kocham, szanuj\u0119.\u00a0 M\u00f3j nowy ulubiony film. https:\/\/www.youtube.com\/watch?v=hG72N2leG7s https:\/\/www.youtube.com\/watch?v=DJWdWUZNbow ^ ja daje mniej cukru ni\u017c Nigella.<\/p>","protected":false},"author":1,"featured_media":0,"parent":0,"menu_order":0,"comment_status":"closed","ping_status":"closed","template":"","meta":{"iawp_total_views":33,"footnotes":""},"class_list":["post-1144","page","type-page","status-publish","hentry"],"blocksy_meta":{"has_hero_section":"disabled","background":{"background_type":"color","background_pattern":"type-1","background_image":{"attachment_id":null,"x":0,"y":0},"gradient":"linear-gradient(135deg,rgba(6,147,227,1) 0%,rgb(155,81,224) 100%)","background_repeat":"repeat","background_size":"auto","background_attachment":"scroll","patternColor":{"default":{"color":"#e5e7ea"}},"overlayColor":{"default":{"color":"CT_CSS_SKIP_RULE"}},"backgroundColor":{"default":{"color":"#000000"}}},"styles_descriptor":{"styles":{"desktop":"[data-prefix=\"single_page\"] {background-color:#000000;background-image:none;}","tablet":"","mobile":""},"google_fonts":[],"version":6},"disable_header":"no","disable_footer":"no"},"_links":{"self":[{"href":"https:\/\/kolorowykarawan.com\/en\/wp-json\/wp\/v2\/pages\/1144","targetHints":{"allow":["GET"]}}],"collection":[{"href":"https:\/\/kolorowykarawan.com\/en\/wp-json\/wp\/v2\/pages"}],"about":[{"href":"https:\/\/kolorowykarawan.com\/en\/wp-json\/wp\/v2\/types\/page"}],"author":[{"embeddable":true,"href":"https:\/\/kolorowykarawan.com\/en\/wp-json\/wp\/v2\/users\/1"}],"replies":[{"embeddable":true,"href":"https:\/\/kolorowykarawan.com\/en\/wp-json\/wp\/v2\/comments?post=1144"}],"version-history":[{"count":200,"href":"https:\/\/kolorowykarawan.com\/en\/wp-json\/wp\/v2\/pages\/1144\/revisions"}],"predecessor-version":[{"id":1395,"href":"https:\/\/kolorowykarawan.com\/en\/wp-json\/wp\/v2\/pages\/1144\/revisions\/1395"}],"wp:attachment":[{"href":"https:\/\/kolorowykarawan.com\/en\/wp-json\/wp\/v2\/media?parent=1144"}],"curies":[{"name":"wp","href":"https:\/\/api.w.org\/{rel}","templated":true}]}}